{"id":75,"date":"2013-11-15T15:24:59","date_gmt":"2013-11-15T14:24:59","guid":{"rendered":"http:\/\/manager.pwsztar.edu.pl\/?page_id=75"},"modified":"2025-01-09T17:45:39","modified_gmt":"2025-01-09T16:45:39","slug":"czlonkowie","status":"publish","type":"page","link":"https:\/\/manager.pwsztar.edu.pl\/?page_id=75","title":{"rendered":"Cz\u0142onkowie"},"content":{"rendered":"<p style=\"text-align: center;\">&nbsp;<\/p>\n<p style=\"text-align: center;\"><span style=\"color: #0066ff;\"><span style=\"font-family: verdana, geneva, sans-serif;\"><strong><span style=\"font-size: 22px;\">Zarz\u0105d<\/span><\/strong><\/span><\/span><\/p>\n<p style=\"text-align: center;\">&nbsp;<\/p>\n<p style=\"text-align: center;\"><span style=\"color: #0066ff;\"><span style=\"font-family: verdana, geneva, sans-serif;\"><span style=\"font-size: 16px;\">Prezes &#8211; Karolina Czapkowicz<\/span><\/span><\/span><\/p>\n<p style=\"text-align: center;\"><span style=\"color: #0066ff;\"><span style=\"font-family: verdana, geneva, sans-serif;\"><span style=\"font-size: 16px;\">V-ce Prezes &#8211; Kamil Szczepa\u0144ski&nbsp;<\/span><\/span><\/span><\/p>\n<p style=\"text-align: center;\"><span style=\"color: #0066ff;\"><span style=\"font-family: verdana, geneva, sans-serif;\"><span style=\"font-size: 16px;\">Skarbnik &#8211; Izabela Polanco <\/span><\/span><\/span><\/p>\n<p style=\"text-align: center;\"><span style=\"color: #0066ff;\"><span style=\"font-family: verdana, geneva, sans-serif;\"><span style=\"font-size: 16px;\">Sekretarz &#8211; Anna Zachara, Wiktoria Naw\u00f3j<\/span><\/span><\/span><\/p>\n<p style=\"text-align: center;\">&nbsp;<\/p>\n<p style=\"text-align: center;\"><span style=\"color: #0066ff;\"><span style=\"font-family: verdana, geneva, sans-serif;\"><span style=\"font-size: 16px;\">Administrator strony WWW &#8211; Karolina Czapkowicz<\/span><\/span><\/span><\/p>\n<p style=\"text-align: center;\"><span style=\"color: #0066ff;\"><span style=\"font-family: verdana, geneva, sans-serif;\"><span style=\"font-size: 16px;\">Administrator strony Facebook , Instagram&nbsp; &nbsp;<\/span><\/span><\/span><span style=\"color: #0066ff;\"><span style=\"font-family: verdana, geneva, sans-serif;\"><span style=\"font-size: 16px;\">&#8211; Anna Zachara<\/span><\/span><\/span><\/p>\n<hr>\n<p style=\"text-align: center;\"><span style=\"color: #0066ff;\"><span style=\"font-family: verdana, geneva, sans-serif;\"><strong><span style=\"font-size: 22px;\">Opiekunowie<\/span><\/strong><\/span><\/span><\/p>\n<p style=\"text-align: center;\"><span style=\"color: #0066ff;\"><span style=\"font-family: verdana, geneva, sans-serif;\"><span style=\"font-size: 18px;\">prof. dr hab. Krzysztof Firlej&nbsp;<\/span><\/span><\/span><\/p>\n<p style=\"text-align: center;\"><span style=\"color: #0066ff;\"><span style=\"font-family: verdana, geneva, sans-serif;\"><span style=\"font-size: 18px;\">mgr in\u017c. Barbara Party\u0144ska-Brzegowy<\/span><\/span><\/span><\/p>\n<p style=\"text-align: center;\">&nbsp;<\/p>\n<hr>\n<p style=\"text-align: center;\"><span style=\"color: #0066ff;\"><span style=\"font-family: verdana, geneva, sans-serif;\"><strong><span style=\"font-size: 22px;\">Pozostali Cz\u0142onkowie<\/span><\/strong><\/span><\/span><\/p>\n<ul>\n<li style=\"text-align: center;\"><span style=\"color: #0066ff;\"><span style=\"font-size: 16px;\">Agata Kiljan <\/span><\/span><\/li>\n<li style=\"text-align: center;\"><span style=\"color: #0066ff;\"><span style=\"font-size: 16px;\">Agnieszka G\u00f3ral <\/span><\/span><\/li>\n<li style=\"text-align: center;\"><span style=\"color: #0066ff;\"><span style=\"font-size: 16px;\">Aleksandra D\u0105browska <\/span><\/span><\/li>\n<li style=\"text-align: center;\"><span style=\"color: #0066ff;\"><span style=\"font-size: 16px;\">Aleksandra Fory\u015b <\/span><\/span><\/li>\n<li style=\"text-align: center;\"><span style=\"color: #0066ff;\"><span style=\"font-size: 16px;\">Aleksandra Roman <\/span><\/span><\/li>\n<li style=\"text-align: center;\"><span style=\"color: #0066ff;\"><span style=\"font-size: 16px;\">Aneta Kiwior <\/span><\/span><\/li>\n<li style=\"text-align: center;\"><span style=\"color: #0066ff;\"><span style=\"font-size: 16px;\">Anna Mikrut&nbsp;<\/span><\/span><\/li>\n<li style=\"text-align: center;\"><span style=\"color: #0066ff;\"><span style=\"font-size: 16px;\">Emilia Czuba <\/span><\/span><\/li>\n<li style=\"text-align: center;\"><span style=\"color: #0066ff;\"><span style=\"font-size: 16px;\">Ilona Wi\u0119c <\/span><\/span><\/li>\n<li style=\"text-align: center;\"><span style=\"color: #0066ff;\"><span style=\"font-size: 16px;\">Jakub Szaraj <\/span><\/span><\/li>\n<li style=\"text-align: center;\"><span style=\"color: #0066ff;\"><span style=\"font-size: 16px;\">Joanna Martyka <\/span><\/span><\/li>\n<li style=\"text-align: center;\"><span style=\"color: #0066ff;\"><span style=\"font-size: 16px;\">Joanna Piekarz <\/span><\/span><\/li>\n<li style=\"text-align: center;\"><span style=\"color: #0066ff;\"><span style=\"font-size: 16px;\">Joanna Smutek <\/span><\/span><\/li>\n<li style=\"text-align: center;\"><span style=\"color: #0066ff;\"><span style=\"font-size: 16px;\">Julia Pabijan <\/span><\/span><\/li>\n<li style=\"text-align: center;\"><span style=\"color: #0066ff;\"><span style=\"font-size: 16px;\">Justyna Warzecha <\/span><\/span><\/li>\n<li style=\"text-align: center;\"><span style=\"color: #0066ff;\"><span style=\"font-size: 16px;\">Kacper <\/span><\/span><span style=\"color: #0066ff;\"><span style=\"font-size: 16px;\">Ostrowski <\/span><\/span><\/li>\n<li style=\"text-align: center;\"><span style=\"color: #0066ff;\"><span style=\"font-size: 16px;\">Kamil Ryba <\/span><\/span><\/li>\n<li style=\"text-align: center;\"><span style=\"color: #0066ff;\"><span style=\"font-size: 16px;\">Karolina Oc\u0142o\u0144<\/span><\/span><\/li>\n<li style=\"text-align: center;\"><span style=\"color: #0066ff;\"><span style=\"font-size: 16px;\">Karolina Lazarowicz <\/span><\/span><\/li>\n<li style=\"text-align: center;\"><span style=\"color: #0066ff;\"><span style=\"font-size: 16px;\">Martyna Sitko <\/span><\/span><\/li>\n<li style=\"text-align: center;\"><span style=\"color: #0066ff;\"><span style=\"font-size: 16px;\">Natalia Bator <\/span><\/span><\/li>\n<li style=\"text-align: center;\"><span style=\"color: #0066ff;\"><span style=\"font-size: 16px;\">Sylwia Ro\u017ce\u0144 <\/span><\/span><\/li>\n<li style=\"text-align: center;\"><span style=\"color: #0066ff;\"><span style=\"font-size: 16px;\">Yevhenii Bilenkyi<\/span><\/span><\/li>\n<li style=\"text-align: center;\"><span style=\"color: #0066ff;\"><span style=\"font-size: 16px;\">Wiktoria Czarnik<\/span><\/span><\/li>\n<li style=\"text-align: center;\"><span style=\"color: #0066ff;\"><span style=\"font-size: 16px;\">Karolina Niedbalec<\/span><\/span><\/li>\n<\/ul>\n<p>&nbsp;<\/p>\n<p>&nbsp;<\/p>\n<hr>\n<p style=\"text-align: center;\"><span style=\"color: #0066ff;\"><span style=\"font-family: verdana, geneva, sans-serif;\"><strong><span style=\"font-size: 26px;\">Osoby kt\u00f3re nale\u017ca\u0142y do Ko\u0142a podczas studi\u00f3w<\/span><\/strong><\/span><\/span><\/p>\n<p style=\"text-align: center;\"><span style=\"color: #0066ff;\"><span style=\"font-family: verdana, geneva, sans-serif;\"><strong><span style=\"font-size: 26px;\">na Akademii Tarnowskiej<\/span><\/strong><\/span><\/span><\/p>\n<p style=\"text-align: center;\"><span style=\"font-size: 14px;\"><span style=\"color: #0066ff;\"><span style=\"font-family: verdana, geneva, sans-serif;\">&nbsp;<\/span><\/span><\/span><\/p>\n<p style=\"text-align: center;\"><span style=\"color: #0066ff;\"><span style=\"font-family: verdana, geneva, sans-serif;\">\u0141ukasz Bobka<\/span><\/span>, <span style=\"color: #0066ff;\"><span style=\"font-family: verdana, geneva, sans-serif;\">Klaudia Boche\u0144ska<\/span>, K<span style=\"font-family: verdana, geneva, sans-serif;\">arolina Bulwa<\/span><\/span>, <span style=\"color: #0066ff;\"><span style=\"font-family: verdana, geneva, sans-serif;\">Patryk Gajda<\/span><\/span>, <span style=\"color: #0066ff;\"><span style=\"font-family: verdana, geneva, sans-serif;\">Wojciech Grabczy\u0144ski<\/span><\/span>, <span style=\"color: #0066ff;\"><span style=\"font-family: verdana, geneva, sans-serif;\">Olga Jaworska<\/span><\/span>, <span style=\"color: #0066ff;\"><span style=\"font-family: verdana, geneva, sans-serif;\">Grzegorz Juszczyk<\/span><\/span>, <span style=\"color: #0066ff;\"><span style=\"font-family: verdana, geneva, sans-serif;\">Kinga Madej<\/span><\/span>, <span style=\"color: #0066ff;\"><span style=\"font-family: verdana, geneva, sans-serif;\">Kamila Malec<\/span><\/span>, <span style=\"color: #0066ff;\"><span style=\"font-family: verdana, geneva, sans-serif;\">Paulina Mleczko<\/span><\/span>, <span style=\"color: #0066ff;\"><span style=\"font-family: verdana, geneva, sans-serif;\">Aneta Mucha<\/span><\/span>, <span style=\"color: #0066ff;\"><span style=\"font-family: verdana, geneva, sans-serif;\">Pawe\u0142 Myjkowski<\/span><\/span>, <span style=\"color: #0066ff;\"><span style=\"font-family: verdana, geneva, sans-serif;\">Sylwia Nawalaniec<\/span><\/span>, <span style=\"color: #0066ff;\"><span style=\"font-family: verdana, geneva, sans-serif;\">Patrycja Odrobina<\/span><\/span>, <span style=\"color: #0066ff;\"><span style=\"font-family: verdana, geneva, sans-serif;\">Mateusz Skrabacz<\/span><\/span>, <span style=\"color: #0066ff;\"><span style=\"font-family: verdana, geneva, sans-serif;\">Marcin \u017burek<\/span><\/span>, <span style=\"color: #0066ff; font-family: verdana, geneva, sans-serif;\">Mi\u0142osz Jarmu\u0142a<\/span>, <span style=\"color: #0066ff; font-family: verdana, geneva, sans-serif;\">Edyta G\u00f3rska<\/span>, <span style=\"color: #0066ff; font-family: verdana, geneva, sans-serif;\">Natalia \u015awierzy\u0144ska<\/span>, <span style=\"color: #0066ff; font-family: verdana, geneva, sans-serif;\">Kamil Wantuch<\/span>, <span style=\"color: #0066ff; font-family: verdana, geneva, sans-serif;\">Gabriela Tury\u0144ska<\/span>, <span style=\"color: #0066ff; font-family: verdana, geneva, sans-serif;\">Joanna Wiejacz<span style=\"font-size: 14px;\">ka<\/span><\/span><span style=\"color: #0066ff;\"><span style=\"font-family: verdana, geneva, sans-serif;\">,<\/span><\/span><span style=\"font-size: 14px;\"><span style=\"color: #0066ff;\"><span style=\"font-family: verdana, geneva, sans-serif;\">Anna B\u0105czek, Sylwia Bajorek, Dariusz Ba\u0142ut, Justyna Bana\u015b, Jakub Baran, Renata Bartnik, Natalia Batko, Joanna Bochenek, Klaudia Boche\u0144ska, Justyna Bro\u017cek, Ma\u0142gorzata Chrapusta, Joanna \u0106wiklik, B\u0142a\u017cej Czapla, Julita Czernecka, Sylwia Czochara, Justyna Dedo, Patrycja Dobrowolska, Agnieszka Dudajek, Katarzyna Dudek, Pawe\u0142 Dudek, <\/span><\/span><span style=\"color: #0066ff;\"><span style=\"font-family: verdana, geneva, sans-serif;\">Ma\u0142gorzata Dzwierzy\u0144ska, Marta Forczek, Kamil Franek, Kinga G\u0105ciarz, Marcin Gaj, Zuzanna Ga\u0142ka, Anna G\u0105sawska, Agnieszka Gawlik, Ewa Gle\u0144, Agata G\u0142\u00f3wczyk, Edyta G\u00f3rska, Monika Gumienny, Justyna Jachym, Magdalena Job, Diana Kajmowicz-Niemiec, Angelika Kaleta, Marriola Kami\u0144ska, Renata Kos, Monika Krupa, Ewelina Lata\u0142a, Anna Majcher, Agnieszka Martyka, Karolina Migacz, Klaudia Mitera, Klaudia M\u00f3l, Paulina Mr\u00f3z, Pawe\u0142 Myjkowski, Mateusz Nasiadka, Ewelina Nowak, Justyna Nytko, Rafa\u0142 Okaz, Ewa Pasternak, Dariusz Pole, Magdalena Popiernik, Daniel Pot\u0119pa, Aneta Przeklasa, Iwona Pyznar, Katarzyna Rogowska, Sylwia Ryczek, Monika Sak\u0142ak, Wojciech Sasak, Sylwia Satko, Marta Sk\u00f3rka, Marta Sk\u00f3rka, Agnieszka Skowron, Ewelina Skowro\u0144ska, Mateusz Skrabacz, Monika S\u0142awek, Aneta S\u0142owik, Sabina S\u0142owik, Magdalena Smaga, Weronika Soko\u0142owska, Katarzyna Sowa, Kamil Sp\u0119dzia, \u017baneta Sta\u0144czyk, Paulina Starzec, Mateusz Stolarczyk, Maria Strza\u0142a, Anna Strza\u0142kowska, Justyna Syrek, Justyna Szacik, Ewa Szantaler, Joanna Szarek, Edyta Szewczyk, Magdalena Tatara, Katarzyna Tobiasz, Monika Top\u00f3r, Natalia Tryba, Aleksandra Trzasko\u015b, Beata Tupek, Katarzyna Urbanek,<\/span> <span style=\"font-family: verdana, geneva, sans-serif;\">Karolina Walaszek, Agnieszka Warjas, Aneta Wdowiak, Agnieszka Wiatr, Agata Wietecha, Aldona Wi\u015bniowska, Agnieszka Witek, Konrad Witek, Bartosz W\u0142odarz, Daniel W\u0142odarz, Justyna Wojtasik, Anna Zapi\u00f3r, Sabina Zi\u0119ba, Magdalena Ziomek, Jagoda \u017bytniak, Katarzyna Szczepa\u0144ska, Bernadetta Chaim, Micha\u0142 Nizio\u0142ek, Micha\u0142 Taraszka, Klaudia Sroga, Krzysztof Gaca, Patrycja Rojek, Agata So\u015bnia, Weronika \u015awierczek, Justyna W\u00f3jcik, Karolina Doro\u017c, Gabriela Kachniarz, Joanna Jasiak, Martyna Kras, Anna Pot\u0119pa, Angelika Skupie\u0144, Marcin Nasiadka, Ewelina W\u00f3jtowicz, Sylwia Sikora, Joanna Szarek, Patrycja Cury\u0142o, Mateusz Zawadzki, Paulina Jab\u0142o\u0144ska, Natalia Karecka, Wiktoria Ulanecka, Wiktor Gniadek, Paulina Pietraszewska,Patrycja Chaim, Micha\u0142 W\u00f3zek, Wiktoria Ogiela, Natalia \u015awierz\u0144ska, Natalia Chmura, Aneta Witek, Kamila M\u0105del, Kinga Mikosz, Magdalena Pabian, Marta Zegar, Zuzanna Wojtyga, Kinga Micho\u0144, Daria Boryczko, Weronika Wodzi\u0144ska, Kamil Krajewski, Arkadiusz Stelmach, Anna Apryjas, Weronika Kawula<\/span><\/span><\/span><\/p>\n<p>&nbsp;<\/p>\n<div>&nbsp;<\/div>\n","protected":false},"excerpt":{"rendered":"<p>&nbsp; Zarz\u0105d &nbsp; Prezes &#8211; Karolina Czapkowicz V-ce Prezes &#8211; Kamil Szczepa\u0144ski&nbsp; Skarbnik &#8211; Izabela Polanco Sekretarz &#8211; Anna Zachara, Wiktoria Naw\u00f3j &nbsp; Administrator strony WWW &#8211; Karolina Czapkowicz Administrator strony Facebook , Instagram&nbsp; &nbsp;&#8211; Anna Zachara Opiekunowie prof. dr hab. Krzysztof Firlej&nbsp; mgr in\u017c. Barbara Party\u0144ska-Brzegowy &nbsp; Pozostali Cz\u0142onkowie Agata Kiljan Agnieszka G\u00f3ral Aleksandra [&hellip;]<\/p>\n","protected":false},"author":1,"featured_media":0,"parent":0,"menu_order":0,"comment_status":"open","ping_status":"open","template":"","meta":{"ngg_post_thumbnail":0},"_links":{"self":[{"href":"https:\/\/manager.pwsztar.edu.pl\/index.php?rest_route=\/wp\/v2\/pages\/75"}],"collection":[{"href":"https:\/\/manager.pwsztar.edu.pl\/index.php?rest_route=\/wp\/v2\/pages"}],"about":[{"href":"https:\/\/manager.pwsztar.edu.pl\/index.php?rest_route=\/wp\/v2\/types\/page"}],"author":[{"embeddable":true,"href":"https:\/\/manager.pwsztar.edu.pl\/index.php?rest_route=\/wp\/v2\/users\/1"}],"replies":[{"embeddable":true,"href":"https:\/\/manager.pwsztar.edu.pl\/index.php?rest_route=%2Fwp%2Fv2%2Fcomments&post=75"}],"version-history":[{"count":73,"href":"https:\/\/manager.pwsztar.edu.pl\/index.php?rest_route=\/wp\/v2\/pages\/75\/revisions"}],"predecessor-version":[{"id":1679,"href":"https:\/\/manager.pwsztar.edu.pl\/index.php?rest_route=\/wp\/v2\/pages\/75\/revisions\/1679"}],"wp:attachment":[{"href":"https:\/\/manager.pwsztar.edu.pl\/index.php?rest_route=%2Fwp%2Fv2%2Fmedia&parent=75"}],"curies":[{"name":"wp","href":"https:\/\/api.w.org\/{rel}","templated":true}]}}