{"id":41,"date":"2013-11-15T12:36:41","date_gmt":"2013-11-15T11:36:41","guid":{"rendered":"http:\/\/manager.pwsztar.edu.pl\/?page_id=41"},"modified":"2025-12-17T20:07:34","modified_gmt":"2025-12-17T19:07:34","slug":"kontakt","status":"publish","type":"page","link":"https:\/\/manager.pwsztar.edu.pl\/?page_id=41","title":{"rendered":"Kontakt"},"content":{"rendered":"<p style=\"text-align: center;\"><strong><span style=\"font-size: 22px;\"><span style=\"color: #0000ff;\"><span style=\"font-family: times new roman,times,serif;\">Kontakt<\/span><\/span><\/span><\/strong><\/p>\n<p style=\"text-align: center;\">&nbsp;<\/p>\n<p style=\"text-align: center;\"><span style=\"color: #0000ff;\"><span style=\"font-family: times new roman,times,serif;\"><span style=\"font-size: 16px;\">Siedziba SKN &#8222;MANAGER&#8221; w g\u0142\u00f3wnym budynku AT<\/span><\/span><\/span><br \/>\n<span style=\"color: #0000ff;\"><span style=\"font-family: times new roman,times,serif;\"><span style=\"font-size: 16px;\">przy ul. Mickiewicza 8&nbsp;&nbsp;<br \/>\np. 339 (III pi\u0119tro)<br \/>\nsknmanagerat@gmail.com<\/span><\/span><\/span><br \/>\n&nbsp;<\/p>\n<p style=\"text-align: center;\"><span style=\"color: #0000ff;\"><span style=\"font-family: times new roman,times,serif;\"><span style=\"font-size: 16px;\">Kontakt telefoniczny:<br \/>\nPrezes SKN MANAGER<br \/>\nKarolina Czapkowicz<br \/>\n577 103 779<\/span><\/span><\/span><\/p>\n<p style=\"text-align: center;\">&nbsp;<\/p>\n<p style=\"text-align: center;\"><a href=\"https:\/\/drive.google.com\/file\/d\/0B5hCx6y2JwtXZ0ZrQk9LUVRLMjQ\/edit?usp=sharing\"><span style=\"color: #0000ff;\"><span style=\"font-family: times new roman,times,serif;\"><span style=\"font-size: 16px;\">Deklaracja Cz\u0142onkowska<\/span><\/span><\/span><\/a><\/p>\n<p style=\"text-align: center;\">&nbsp;<\/p>\n","protected":false},"excerpt":{"rendered":"<p>Kontakt &nbsp; Siedziba SKN &#8222;MANAGER&#8221; w g\u0142\u00f3wnym budynku AT przy ul. Mickiewicza 8&nbsp;&nbsp; p. 339 (III pi\u0119tro) sknmanagerat@gmail.com &nbsp; Kontakt telefoniczny: Prezes SKN MANAGER Karolina Czapkowicz 577 103 779 &nbsp; Deklaracja Cz\u0142onkowska &nbsp;<\/p>\n","protected":false},"author":1,"featured_media":0,"parent":0,"menu_order":0,"comment_status":"open","ping_status":"open","template":"","meta":{"ngg_post_thumbnail":0},"_links":{"self":[{"href":"https:\/\/manager.pwsztar.edu.pl\/index.php?rest_route=\/wp\/v2\/pages\/41"}],"collection":[{"href":"https:\/\/manager.pwsztar.edu.pl\/index.php?rest_route=\/wp\/v2\/pages"}],"about":[{"href":"https:\/\/manager.pwsztar.edu.pl\/index.php?rest_route=\/wp\/v2\/types\/page"}],"author":[{"embeddable":true,"href":"https:\/\/manager.pwsztar.edu.pl\/index.php?rest_route=\/wp\/v2\/users\/1"}],"replies":[{"embeddable":true,"href":"https:\/\/manager.pwsztar.edu.pl\/index.php?rest_route=%2Fwp%2Fv2%2Fcomments&post=41"}],"version-history":[{"count":21,"href":"https:\/\/manager.pwsztar.edu.pl\/index.php?rest_route=\/wp\/v2\/pages\/41\/revisions"}],"predecessor-version":[{"id":1989,"href":"https:\/\/manager.pwsztar.edu.pl\/index.php?rest_route=\/wp\/v2\/pages\/41\/revisions\/1989"}],"wp:attachment":[{"href":"https:\/\/manager.pwsztar.edu.pl\/index.php?rest_route=%2Fwp%2Fv2%2Fmedia&parent=41"}],"curies":[{"name":"wp","href":"https:\/\/api.w.org\/{rel}","templated":true}]}}