{"id":4,"date":"2013-11-15T07:02:33","date_gmt":"2013-11-15T06:02:33","guid":{"rendered":"http:\/\/manager.pwsztar.edu.pl\/?page_id=4"},"modified":"2013-11-15T08:02:15","modified_gmt":"2013-11-15T07:02:15","slug":"cookie-policy","status":"publish","type":"page","link":"https:\/\/manager.pwsztar.edu.pl\/?page_id=4","title":{"rendered":"Cookie Policy"},"content":{"rendered":"<h1 style=\"color: rgb(0, 0, 0); font-family: 'Times New Roman'; line-height: normal;\">\n\t<span style=\"font-family:times new roman,times,serif;\"><span style=\"font-size:16px;\"><strong>Polityka plik&oacute;w cookies<\/strong><\/span><\/span><br \/>\n<\/h1>\n<h2 style=\"color: rgb(0, 0, 0); font-family: 'Times New Roman'; line-height: normal;\">\n\t<span style=\"font-family:times new roman,times,serif;\"><span style=\"font-size:16px;\">Niniejsza Polityka dotyczy plik&oacute;w &quot;cookies&quot; i odnosi si\u0119 do stron internetowych, kt&oacute;rych operatorem jest Pa\u0144stwowa Wy\u017csza Szko\u0142a Zawodowa w Tarnowie z siedzib\u0105 w Tarnowie (zwanych dalej:&nbsp;<strong>&quot;stronami internetowymi&quot;<\/strong>).<\/span><\/span><br \/>\n<\/h2>\n<h3 class=\"first\" style=\"color: rgb(0, 0, 0); font-family: 'Times New Roman'; line-height: normal;\">\n\t<span style=\"font-family:times new roman,times,serif;\"><span style=\"font-size:16px;\">Czym s\u0105 pliki &quot;cookies&quot;<\/span><\/span><br \/>\n<\/h3>\n<p class=\"pContent\" style=\"color: rgb(0, 0, 0); font-family: 'Times New Roman'; font-size: medium; line-height: normal;\">\n\t<span style=\"font-family:times new roman,times,serif;\"><span style=\"font-size:16px;\">Poprzez pliki &quot;cookies&quot; nale\u017cy rozumie\u0107 dane informatyczne, w szczeg&oacute;lno\u015bci pliki tekstowe, przechowywane w urz\u0105dzeniach ko\u0144cowych u\u017cytkownik&oacute;w przeznaczone do korzystania ze stron internetowych. Pliki te pozwalaj\u0105 rozpozna\u0107 urz\u0105dzenie u\u017cytkownika i odpowiednio wy\u015bwietli\u0107 stron\u0119 internetow\u0105 dostosowan\u0105 do jego indywidualnych preferencji. &quot;Cookies&quot; zazwyczaj zawieraj\u0105 nazw\u0119 strony internetowej z kt&oacute;rej pochodz\u0105, czas przechowywania ich na urz\u0105dzeniu ko\u0144cowym oraz unikalny numer.<\/span><\/span>\n<\/p>\n<h3 style=\"color: rgb(0, 0, 0); font-family: 'Times New Roman'; line-height: normal;\">\n\t<span style=\"font-family:times new roman,times,serif;\"><span style=\"font-size:16px;\">Do czego u\u017cywamy plik&oacute;w &quot;cookies&quot;<\/span><\/span><br \/>\n<\/h3>\n<p style=\"color: rgb(0, 0, 0); font-family: 'Times New Roman'; font-size: medium; line-height: normal;\">\n\t<span style=\"font-family:times new roman,times,serif;\"><span style=\"font-size:16px;\">Pliki &quot;cookies&quot; u\u017cywane s\u0105 w celu dostosowania zawarto\u015bci stron internetowych do preferencji u\u017cytkownika oraz optymalizacji korzystania ze stron internetowych. U\u017cywane s\u0105 r&oacute;wnie\u017c w celu tworzenia anonimowych, zagregowanych statystyk, kt&oacute;re pomagaj\u0105 zrozumie\u0107 w jaki spos&oacute;b u\u017cytkownik korzysta ze stron internetowych co umo\u017cliwia ulepszanie ich struktury i zawarto\u015bci, z wy\u0142\u0105czeniem personalnej identyfikacji u\u017cytkownika.<\/span><\/span>\n<\/p>\n<h3 style=\"color: rgb(0, 0, 0); font-family: 'Times New Roman'; line-height: normal;\">\n\t<span style=\"font-family:times new roman,times,serif;\"><span style=\"font-size:16px;\">Jakich plik&oacute;w &quot;cookies&quot; u\u017cywamy<\/span><\/span><br \/>\n<\/h3>\n<p style=\"color: rgb(0, 0, 0); font-family: 'Times New Roman'; font-size: medium; line-height: normal;\">\n\t<span style=\"font-family:times new roman,times,serif;\"><span style=\"font-size:16px;\">Stosujemy pliki &quot;cookies&quot; &#8211; &quot;sesyjne&quot; oraz &quot;sta\u0142e&quot;. Cookies &quot;sesyjne&quot; s\u0105 plikami tymczasowymi, kt&oacute;re pozostaj\u0105 na urz\u0105dzeniu u\u017cytkownika, a\u017c do wylogowania ze strony internetowej lub wy\u0142\u0105czenia oprogramowania (przegl\u0105darki internetowej).<br \/>\n\tCiasteczka sta\u0142e pozostaj\u0105 na urz\u0105dzeniu u\u017cytkownika tak d\u0142ugo jak d\u0142ugo maj\u0105 ustawiony czas \u017cycia lub do momentu kiedy u\u017cytkownik usunie je z urz\u0105dzenia.<br \/>\n\tPliki &quot;cookies&quot; wykorzystywane przez podmioty wsp&oacute;\u0142pracuj\u0105ce z operatorem strony internetowej, w tym w szczeg&oacute;lno\u015bci u\u017cytkownik&oacute;w strony internetowej, podlegaj\u0105 ich w\u0142asnej polityce prywatno\u015bci.<\/span><\/span>\n<\/p>\n<h3 style=\"color: rgb(0, 0, 0); font-family: 'Times New Roman'; line-height: normal;\">\n\t<span style=\"font-family:times new roman,times,serif;\"><span style=\"font-size:16px;\">Czy pliki &quot;cookies&quot; zawieraj\u0105 dane osobowe<\/span><\/span><br \/>\n<\/h3>\n<p style=\"color: rgb(0, 0, 0); font-family: 'Times New Roman'; font-size: medium; line-height: normal;\">\n\t<span style=\"font-family:times new roman,times,serif;\"><span style=\"font-size:16px;\">Pliki &quot;cookies&quot; sesyjne nie zawieraj\u0105 danych osobowych. Ich tre\u015b\u0107 to wygl\u0105daj\u0105cy na losowy ci\u0105g znak&oacute;w i cyfr.<\/span><\/span>\n<\/p>\n<h3 style=\"color: rgb(0, 0, 0); font-family: 'Times New Roman'; line-height: normal;\">\n\t<span style=\"font-family:times new roman,times,serif;\"><span style=\"font-size:16px;\">Usuwanie plik&oacute;w &quot;cookies&quot;<\/span><\/span><br \/>\n<\/h3>\n<p style=\"color: rgb(0, 0, 0); font-family: 'Times New Roman'; font-size: medium; line-height: normal;\">\n\t<span style=\"font-family:times new roman,times,serif;\"><span style=\"font-size:16px;\">Standardowo oprogramowanie s\u0142u\u017c\u0105ce do przegl\u0105dania stron internetowych domy\u015blnie dopuszcza umieszczanie plik&oacute;w &quot;cookies&quot; na urz\u0105dzeniu ko\u0144cowym. Ustawienia te mog\u0105 zosta\u0107 zmienione w taki spos&oacute;b, aby blokowa\u0107 automatyczn\u0105 obs\u0142ug\u0119 plik&oacute;w &quot;cookies&quot; w ustawieniach przegl\u0105darki internetowej b\u0119d\u0105 informowa\u0107 o ich ka\u017cdorazowym przes\u0142aniu na urz\u0105dzenie u\u017cytkownika. Szczeg&oacute;\u0142owe informacje o mo\u017cliwo\u015bci i sposobach obs\u0142ugi plik&oacute;w &quot;cookies&quot; dost\u0119pne s\u0105 w ustawieniach oprogramowania (przegl\u0105darki internetowej).<br \/>\n\tOgraniczenie stosowania plik&oacute;w &quot;cookies&quot;, mo\u017ce wp\u0142yn\u0105\u0107 na niekt&oacute;re funkcjonalno\u015bci dost\u0119pne na stronie internetowej.<\/span><\/span>\n<\/p>\n<p>\n\t<span style=\"font-family:times new roman,times,serif;\"><span style=\"font-size:16px;\">Wi\u0119cej informacji o plikach cookies znajdziesz na stronie&nbsp;<a href=\"http:\/\/wszystkoociasteczkach.pl\/\" rel=\"nofollow\">http:\/\/wszystkoociasteczkach.pl\/<\/a><\/span><\/span><\/p>\n","protected":false},"excerpt":{"rendered":"<p>Polityka plik&oacute;w cookies Niniejsza Polityka dotyczy plik&oacute;w &quot;cookies&quot; i odnosi si\u0119 do stron internetowych, kt&oacute;rych operatorem jest Pa\u0144stwowa Wy\u017csza Szko\u0142a Zawodowa w Tarnowie z siedzib\u0105 w Tarnowie (zwanych dalej:&nbsp;&quot;stronami internetowymi&quot;). Czym s\u0105 pliki &quot;cookies&quot; Poprzez pliki &quot;cookies&quot; nale\u017cy rozumie\u0107 dane informatyczne, w szczeg&oacute;lno\u015bci pliki tekstowe, przechowywane w urz\u0105dzeniach ko\u0144cowych u\u017cytkownik&oacute;w przeznaczone do korzystania ze stron [&hellip;]<\/p>\n","protected":false},"author":1,"featured_media":0,"parent":0,"menu_order":0,"comment_status":"open","ping_status":"open","template":"","meta":{"ngg_post_thumbnail":0},"_links":{"self":[{"href":"https:\/\/manager.pwsztar.edu.pl\/index.php?rest_route=\/wp\/v2\/pages\/4"}],"collection":[{"href":"https:\/\/manager.pwsztar.edu.pl\/index.php?rest_route=\/wp\/v2\/pages"}],"about":[{"href":"https:\/\/manager.pwsztar.edu.pl\/index.php?rest_route=\/wp\/v2\/types\/page"}],"author":[{"embeddable":true,"href":"https:\/\/manager.pwsztar.edu.pl\/index.php?rest_route=\/wp\/v2\/users\/1"}],"replies":[{"embeddable":true,"href":"https:\/\/manager.pwsztar.edu.pl\/index.php?rest_route=%2Fwp%2Fv2%2Fcomments&post=4"}],"version-history":[{"count":3,"href":"https:\/\/manager.pwsztar.edu.pl\/index.php?rest_route=\/wp\/v2\/pages\/4\/revisions"}],"predecessor-version":[{"id":35,"href":"https:\/\/manager.pwsztar.edu.pl\/index.php?rest_route=\/wp\/v2\/pages\/4\/revisions\/35"}],"wp:attachment":[{"href":"https:\/\/manager.pwsztar.edu.pl\/index.php?rest_route=%2Fwp%2Fv2%2Fmedia&parent=4"}],"curies":[{"name":"wp","href":"https:\/\/api.w.org\/{rel}","templated":true}]}}